{"id":794,"date":"2025-01-01T00:01:23","date_gmt":"2024-12-31T23:01:23","guid":{"rendered":"https:\/\/flexicourt.pl\/?page_id=794"},"modified":"2025-01-24T17:42:02","modified_gmt":"2025-01-24T16:42:02","slug":"regulamin-korzystania-z-serwisu-internetowego","status":"publish","type":"page","link":"https:\/\/flexicourt.pl\/en\/regulamin-korzystania-z-serwisu-internetowego\/","title":{"rendered":"Regulamin korzystania z serwisu internetowego\u00a0flexicourt.pl"},"content":{"rendered":"\t\t<div data-elementor-type=\"wp-page\" data-elementor-id=\"794\" class=\"elementor elementor-794\">\n\t\t\t\t<div class=\"elementor-element elementor-element-6d948a7 e-flex e-con-boxed e-con e-parent\" data-id=\"6d948a7\" data-element_type=\"container\" data-e-type=\"container\">\n\t\t\t\t\t<div class=\"e-con-inner\">\n\t\t\t\t<div class=\"elementor-element elementor-element-5a4a5d0 elementor-widget elementor-widget-text-editor\" data-id=\"5a4a5d0\" data-element_type=\"widget\" data-e-type=\"widget\" data-widget_type=\"text-editor.default\">\n\t\t\t\t<div class=\"elementor-widget-container\">\n\t\t\t\t\t\t\t\t\t\n<p style=\"text-align: center;\"><span style=\"color: #000000; font-family: Calibri, sans-serif;\"><span style=\"font-size: 17.3333px; font-variant-caps: small-caps; white-space-collapse: preserve;\"><b>Regulamin korzystania z serwisu internetowego flexicourt.pl<\/b><\/span><\/span><\/p>\n<p>I. Autorstwo i w\u0142asno\u015b\u0107<\/p>\n\n<p>Serwis internetowy znajduj\u0105cy si\u0119 pod adresem www.flexicourt.pl, zwany dalej Serwisem jest w\u0142asno\u015bci\u0105 i jest utrzymywany przez Flexi Court Sp. z o.o. (zwan\u0105 dalej Administratorem). Adres e-mail s\u0142u\u017c\u0105cy do kontakt\u00f3w w kwestiach zwi\u0105zanych z Serwisem to info@flexicourt.pl<\/p>\n\n<p>II. Zobowi\u0105zanie u\u017cytkownika<\/p>\n\n<p>1. Korzystanie z Serwisu mo\u017cliwe jest za po\u015brednictwem komputera oraz innych urz\u0105dze\u0144 umo\u017cliwiaj\u0105cych przegl\u0105danie sieci Internet, posiadaj\u0105cych odpowiednie oprogramowanie, w tym przegl\u0105dark\u0119 internetow\u0105. Serwis zosta\u0142 zoptymalizowany dla wi\u0119kszo\u015bci przegl\u0105darek (Internet Explorer, Firefox, Google Chrome).\u00a0<\/p>\n\n<p>2. U\u017cywaj\u0105c naszego Serwisu, zobowi\u0105zuj\u0105 si\u0119 Pa\u0144stwo korzysta\u0107 z niego wy\u0142\u0105cznie w spos\u00f3b zgodny z obowi\u0105zuj\u0105cym prawem, zasadami wsp\u00f3\u0142\u017cycia spo\u0142ecznego, w poszanowaniu dla praw w\u0142asno\u015bci intelektualnej.\u00a0<\/p>\n\n<p>3. Jako Administrator wyra\u017camy zgod\u0119 na przegl\u0105danie stron internetowych Serwisu, drukowanie i kopiowanie fragmenty Serwisu, nie dotyczy to mo\u017cliwo\u015bci komercyjnego wykorzystywania logotyp\u00f3w oraz innych element\u00f3w graficznych Serwisu.<\/p>\n\n<p>III. Dane osobowe<\/p>\n\n<p>1. Administratorem strony internetowej jest r\u00f3wnie\u017c Administrator danych osobowych gromadzonych za jej po\u015brednictwem. Szczeg\u00f3\u0142owe informacje oraz zasady przetwarzania danych osobowych znajduj\u0105 si\u0119 w Polityce prywatno\u015bci \u2013 dost\u0119pnej pod adresem: https:\/\/flexicourt.pl\/polityka-prywatnosci.<\/p>\n\n<p>IV. Postanowienia og\u00f3lne<\/p>\n\n<p>1. Dok\u0142adamy wszelkich stara\u0144, aby zachowa\u0107 poufno\u015b\u0107 i prywatno\u015b\u0107 dostarczonych nam informacji. Polityka prywatno\u015bci formu\u0142uje bie\u017c\u0105ce zasady i polityki dotycz\u0105ce ochrony i przetwarzania danych osobowych otrzymanych od Pa\u0144stwa bezpo\u015brednio lub za po\u015brednictwem naszego Serwisu internetowego, w takim wymiarze w jakim chroni je prawo obowi\u0105zuj\u0105ce na terenie Rzeczpospolitej Polskiej, zgodnie z:<\/p>\n\n<ul class=\"wp-block-list\">\n<li>ustaw\u0105 o Ochronie danych osobowych z dnia\u00a010.05.2018 roku,<\/li>\n\n<li>Rozporz\u0105dzeniem Parlamentu Europejskiego i Rady (UE) 2016\/679 z dnia 27 kwietnia 2016 r. w sprawie ochrony os\u00f3b fizycznych w zwi\u0105zku z przetwarzaniem danych osobowych i w sprawie swobodnego przep\u0142ywu takich danych oraz uchylenia dyrektywy 95\/46\/WE (og\u00f3lne rozporz\u0105dzenie o ochronie danych), Dz. Urz. UE L 119\/1 z 04.05.2016 roku [RODO]. Poprzez \u201edane osobowe\u201d rozumiemy wszystkie osobiste informacje o u\u017cytkowniku, takie jak: imi\u0119, nazwisko, firma, stanowisko w firmie, adres e-mail, telefon, adres pocztowy.<\/li>\n<\/ul>\n\n<p>V. Zawarto\u015b\u0107 Serwisu<\/p>\n\n<p>1. Serwis przedstawia informacje o:\u00a0<\/p>\n\n<ul class=\"wp-block-list\">\n<li>Administratorze,<\/li>\n\n<li>naszych pracach i dzia\u0142alno\u015bci,\u00a0<\/li>\n\n<li>materia\u0142y dotycz\u0105ce problematyki \u015bwiadczonych przez nas us\u0142ug,<\/li>\n\n<li>informacyjne strony tematyczne.<\/li>\n<\/ul>\n\n<p>2. Zastrzegamy sobie prawo do decydowania o zawarto\u015bci Serwisu, dokonywanych w niej zmianach i modyfikacjach, bez konieczno\u015bci uprzedzania u\u017cytkownik\u00f3w o swoich zamiarach. Serwis zawiera r\u00f3wnie\u017c formularze umo\u017cliwiaj\u0105ce przes\u0142anie zapytania do naszej firmy.<\/p>\n\n<p>3. Serwis zawiera znaki towarowe, nazwy handlowe, logo, zastrze\u017cone zar\u00f3wno przez Administratora, jak i firmy i osoby trzecie. Zosta\u0142y one u\u017cyte tylko i wy\u0142\u0105cznie w celu ich identyfikacji. Udost\u0119pniaj\u0105c je na Serwisie, Administrator nie udziela licencji na ich wykorzystanie w jakikolwiek spos\u00f3b.\u00a0<\/p>\n\n<p>4. Zawarte w Serwisie materia\u0142y tekstowe, graficzne oraz rozwi\u0105zania informatyczne s\u0105 chronione prawnie, w szczeg\u00f3lno\u015bci przepisami ustawy z\u00a0 4 lutego 1994 roku o Prawie autorskim i prawach pokrewnych. \u017baden spis us\u0142ug prezentowany za po\u015brednictwem Serwisu nie stanowi oferty w rozumieniu art. 66 Kodeksu cywilnego, chyba \u017ce wprost wynika to z jego tre\u015bci.<\/p>\n\n<p>VI. Zbieranie danych anonimowych<\/p>\n\n<p>Nie rejestrujemy \u017cadnych prywatnych danych podczas Pa\u0144stwa wizyty na Serwisie. Mog\u0105 Pa\u0144stwo korzysta\u0107 ze strony anonimowo. Automatycznie rejestrujemy tylko informacje techniczne, takie jak nazwa dostawcy Internetu, typ przegl\u0105darki internetowej, system operacyjny, rozdzielczo\u015b\u0107 ekranu, adres strony, z kt\u00f3rej zostali Pa\u0144stwo przekierowani do naszego Serwisu, ilo\u015b\u0107 i daty Pa\u0144stwa wizyt oraz historia przegl\u0105danych podstron. Dane techniczne s\u0105 analizowane tylko i wy\u0142\u0105cznie pod k\u0105tem podniesienia atrakcyjno\u015bci \u00a0 \u00a0 \u00a0 \u00a0 \u00a0 \u00a0 \u00a0 \u00a0 \u00a0 \u00a0 \u00a0 \u00a0 \u00a0 \u00a0 i funkcjonalno\u015bci Serwisu.<\/p>\n\n<p>VII. Ograniczenie gwarancji, wy\u0142\u0105czenie odpowiedzialno\u015bci<\/p>\n\n<p>1. Dok\u0142adamy wszelkich stara\u0144 w zakresie poprawno\u015bci dzia\u0142ania Serwisu, jego kompletno\u015bci i przydatno\u015bci do osi\u0105gni\u0119cia cel\u00f3w okre\u015blonych w niniejszym Regulaminie. Nie odpowiadamy w szczeg\u00f3lno\u015bci za:<\/p>\n\n<ol class=\"wp-block-list\">\n<li>jakiekolwiek szkody U\u017cytkownika spowodowane nieprawid\u0142owym zapisem lub odczytem wiadomo\u015bci oraz stron internetowych,<\/li>\n\n<li>tre\u015bci reklam i og\u0142osze\u0144 umieszczanych w ramach Serwisu,<\/li>\n\n<li>spam, wirusy, konie troja\u0144skie oraz inne zagro\u017cenia zwi\u0105zane ze \u015brodowiskiem Internetu;<\/li>\n\n<li>przerwy w funkcjonowaniu Serwisu spowodowane przez dzia\u0142anie u\u017cytkownika niezgodnie z niniejszym regulaminem lub z powszechnie obowi\u0105zuj\u0105cym prawem, jak r\u00f3wnie\u017c nieprawid\u0142owym korzystaniem z Serwisu,<\/li>\n\n<li>szkody spowodowane przez dzia\u0142anie U\u017cytkownika niezgodnie z niniejszym regulaminem lub z powszechnie obowi\u0105zuj\u0105cym prawem, jak r\u00f3wnie\u017c nieprawid\u0142owym korzystaniem z Serwisu;<\/li>\n\n<li>szkody powsta\u0142e na skutek wykorzystania przez U\u017cytkownik\u00f3w danych i informacji zawartych w Serwisie w spos\u00f3b niezgodny z prawem.<\/li>\n<\/ol>\n\n<p>2. Nie udzielamy U\u017cytkownikowi gwarancji w rozumieniu art. 577 Kodeksu cywilnego.\u00a0<\/p>\n\n<p>3. Ponosz\u0105 Pa\u0144stwo wy\u0142\u0105czn\u0105 odpowiedzialno\u015b\u0107 za wszelkie szkody spowodowane w systemie komputerowym lub utrat\u0119 danych wynikaj\u0105c\u0105 z u\u017cytkowania Serwisu.\u00a0<\/p>\n\n<p>4. Zawarto\u015b\u0107 Serwisu jest udost\u0119pniona w formie \u201cjak jest\u201d, oraz na podstawie \u201cdost\u0119pno\u015bci\u201d bez \u017cadnych gwarancji, czy to wyra\u017anych, czy dorozumianych.\u00a0<\/p>\n\n<p>5. Odpowiedzialno\u015b\u0107 Administratora za Wady okre\u015blaj\u0105 przepisy o r\u0119kojmi zawarte w Kodeksie cywilnym oraz Prawie konsumenckim.<\/p>\n\n<p>VIII. Zagro\u017cenia<\/p>\n\n<p>1. Wskazujemy ponadto, \u017ce korzystanie z us\u0142ug \u015bwiadczonych drog\u0105 elektroniczn\u0105 wi\u0105\u017ce si\u0119 z zagro\u017ceniami typowymi dla \u015brodowiska Internetu, takimi jak:<\/p>\n\n<ol class=\"wp-block-list\">\n<li>Spam;<\/li>\n\n<li>Wirusy;<\/li>\n\n<li>Konie Troja\u0144skie,<\/li>\n\n<li>Ataki hakerskie.<\/li>\n<\/ol>\n\n<p>2. Jako Administrator podejmujemy dzia\u0142ania zmierzaj\u0105ce do wyeliminowania wskazanych powy\u017cej zagro\u017ce\u0144, w szczeg\u00f3lno\u015bci poprzez:<\/p>\n\n<ol class=\"wp-block-list\">\n<li>kontrol\u0119 plik\u00f3w zapisanych na serwerze programem antywirusowym oraz wykrywaj\u0105cym szkodliwe oprogramowanie i dzia\u0142ania os\u00f3b trzecich;<\/li>\n\n<li>przeciwdzia\u0142anie rozpowszechnianiu Spamu.<\/li>\n<\/ol>\n\n<p>IX. Tryb nawi\u0105zywania i rozwi\u0105zywania umowy o \u015bwiadczenie us\u0142ug drog\u0105 elektroniczn\u0105<\/p>\n\n<p>1. Umowa o \u015bwiadczenie us\u0142ug drog\u0105 elektroniczn\u0105 zostaje zawarta z chwil\u0105 rozpocz\u0119cia korzystania przez U\u017cytkownika z kt\u00f3rejkolwiek us\u0142ug oferowanych w ramach Serwisu internetowego.<\/p>\n\n<p>2. Umowa zostaje zawarta na czas nieokre\u015blony.<\/p>\n\n<p>3. U\u017cytkownik mo\u017ce w ka\u017cdym czasie, nieodp\u0142atnie, rozwi\u0105za\u0107 ww. umow\u0119 ze skutkiem natychmiastowym.<\/p>\n\n<p>X. Uwagi<\/p>\n\n<p>1. Je\u015bli maj\u0105 Pa\u0144stwo pytania czy uwagi dotycz\u0105ce naszej polityki prywatno\u015bci lub jakiejkolwiek cz\u0119\u015bci naszego Serwisu, prosimy o kontakt pod adresem mailowym info@flexicourt.pl.<\/p>\n\n<p>2. Komunikacja z Administratorem z wykorzystaniem \u015brodk\u00f3w komunikacji elektronicznej jest wolna od dodatkowych op\u0142at. U\u017cytkownik ponosi jedynie koszty wynikaj\u0105ce z umowy zawartej z operatorem albo inn\u0105 osob\u0105 trzeci\u0105 \u015bwiadcz\u0105c\u0105 na jej rzecz us\u0142ug\u0119 umo\u017cliwiaj\u0105c\u0105 porozumiewanie si\u0119 na odleg\u0142o\u015b\u0107 (np. dostawca Internetu, operator sieci kom\u00f3rkowej, itp.).<\/p>\n\n<p>XI. Reklamacje<\/p>\n\n<p>1. Reklamacje zwi\u0105zane z funkcjonowaniem Serwisu kierowa\u0107 nale\u017cy na adres e-mail: info@flexicourt.pl.<\/p>\n\n<p>2. Reklamacja powinna zawiera\u0107:<\/p>\n\n<ul class=\"wp-block-list\">\n<li>wskazanie uwag U\u017cytkownika wzgl\u0119dem Serwisu,<\/li>\n\n<li>dane kontaktowe U\u017cytkownika umo\u017cliwiaj\u0105ce odpowied\u017a na reklamacj\u0119.<\/li>\n<\/ul>\n\n<p>3. Reklamacje zg\u0142aszane przez U\u017cytkownik\u00f3w, kt\u00f3re opieraj\u0105 si\u0119 na nieznajomo\u015bci niniejszego<\/p>\n\n<p>Regulaminu nie b\u0119d\u0105 rozpatrywane, a U\u017cytkownik otrzyma wy\u0142\u0105cznie informacj\u0119 od Administratora z uzasadnieniem decyzji niepodejmowania procesu reklamacyjnego.<\/p>\n\n<p>4. Reklamacje zg\u0142aszane przez U\u017cytkownik\u00f3w b\u0119d\u0105 rozpatrywane w terminie do 14 dniu roboczych od momentu ich zg\u0142oszenia.<\/p>\n\n<p>XII. Zmiana Regulaminu<\/p>\n\n<p>1. O zmianach regulaminu i ich zakresie U\u017cytkownicy b\u0119d\u0105 informowani poprzez og\u0142oszenie zamieszczone na stronie www Serwisu.<\/p>\n\n<p>2. Aktualna wersja regulaminu jest zawsze dost\u0119pna dla U\u017cytkownik\u00f3w w zak\u0142adce Regulamin.\u00a0<\/p>\n\n<p>3. W sprawach nieuregulowanych niniejszym regulaminem stosuje si\u0119 odpowiednie obowi\u0105zuj\u0105ce przepisy prawne, w tym w szczeg\u00f3lno\u015bci Kodeksu cywilnego oraz ustawy o \u015bwiadczeniu us\u0142ug drog\u0105 elektroniczn\u0105.<\/p>\n\n<p>4. Wszelkie spory wynik\u0142e na tle niniejszego regulaminu lub \u015bwiadczonych us\u0142ug elektronicznych, za zgod\u0105 Stron mog\u0105 by\u0107 rozwi\u0105zywane w drodze mediacji. W innych przypadkach sprawy rozstrzygane s\u0105 przez s\u0105d w\u0142a\u015bciwy miejscowo i rzeczowo.<\/p>\n\n<p>XIII. Postanowienia ko\u0144cowe<\/p>\n\n<p>1. Regulamin wchodzi w \u017cycie z dniem 1.01.2025 roku.<\/p>\n\n<p>2. W sprawach nieuregulowanych stosuje si\u0119 przepisy:<\/p>\n\n<ul class=\"wp-block-list\">\n<li>ustawy o ustawy o ochronie danych osobowych z dnia 10.05.2018 roku,<\/li>\n\n<li>Rozporz\u0105dzeniem Parlamentu Europejskiego i Rady (UE) 2016\/679 z dnia 27 kwietnia \u00a0 2016 r. w sprawie ochrony os\u00f3b fizycznych w zwi\u0105zku z przetwarzaniem danych osobowych i w sprawie swobodnego przep\u0142ywu takich danych oraz uchylenia dyrektywy 95\/46\/WE (og\u00f3lne rozporz\u0105dzenie o ochronie danych), Dz. Urz. UE L 119\/1 z 04.05.2016 roku.<\/li>\n\n<li>ustawy o \u015bwiadczeniu us\u0142ug drog\u0105 elektroniczn\u0105 z dnia 18 lipca 2002 roku wraz z p\u00f3\u017aniejszymi zmianami,<\/li>\n\n<li>ustawy z dnia 16 lipca 2004 r. Prawo telekomunikacyjne,<\/li>\n\n<li>Kodeksu cywilnego.<\/li>\n<\/ul>\n\n<p>\u00a0<\/p>\n\t\t\t\t\t\t\t\t<\/div>\n\t\t\t\t<\/div>\n\t\t\t\t\t<\/div>\n\t\t\t\t<\/div>\n\t\t\t\t<\/div>\n\t\t","protected":false},"excerpt":{"rendered":"<p>Regulamin korzystania z serwisu internetowego flexicourt.pl I. Autorstwo i w\u0142asno\u015b\u0107 Serwis internetowy znajduj\u0105cy si\u0119 pod adresem www.flexicourt.pl, zwany dalej Serwisem jest w\u0142asno\u015bci\u0105 i jest utrzymywany przez Flexi Court Sp. z o.o. (zwan\u0105 dalej Administratorem). Adres e-mail s\u0142u\u017c\u0105cy do kontakt\u00f3w w kwestiach zwi\u0105zanych z Serwisem to info@flexicourt.pl II. Zobowi\u0105zanie u\u017cytkownika 1. Korzystanie z Serwisu mo\u017cliwe jest&hellip;&nbsp;<a href=\"https:\/\/flexicourt.pl\/en\/regulamin-korzystania-z-serwisu-internetowego\/\" class=\"\" rel=\"bookmark\">Read More &raquo;<span class=\"screen-reader-text\">Regulamin korzystania z serwisu internetowego\u00a0flexicourt.pl<\/span><\/a><\/p>","protected":false},"author":2,"featured_media":0,"parent":0,"menu_order":0,"comment_status":"closed","ping_status":"closed","template":"","meta":{"om_disable_all_campaigns":false,"_monsterinsights_skip_tracking":false,"_monsterinsights_sitenote_active":false,"_monsterinsights_sitenote_note":"","_monsterinsights_sitenote_category":0,"neve_meta_sidebar":"","neve_meta_container":"","neve_meta_enable_content_width":"","neve_meta_content_width":0,"neve_meta_title_alignment":"","neve_meta_author_avatar":"","neve_post_elements_order":"","neve_meta_disable_header":"","neve_meta_disable_footer":"","neve_meta_disable_title":"","footnotes":""},"class_list":["post-794","page","type-page","status-publish","hentry"],"aioseo_notices":[],"yoast_head":"<!-- This site is optimized with the Yoast SEO plugin v27.5 - https:\/\/yoast.com\/product\/yoast-seo-wordpress\/ -->\n<title>Regulamin korzystania z serwisu internetowego\u00a0flexicourt.pl - Flexi Court - profesjonalne boisko sportowe w Twoim ogrodzie<\/title>\n<meta name=\"robots\" content=\"index, follow, max-snippet:-1, max-image-preview:large, max-video-preview:-1\" \/>\n<link rel=\"canonical\" href=\"https:\/\/flexicourt.pl\/en\/regulamin-korzystania-z-serwisu-internetowego\/\" \/>\n<meta property=\"og:locale\" content=\"en_GB\" \/>\n<meta property=\"og:type\" content=\"article\" \/>\n<meta property=\"og:title\" content=\"Regulamin korzystania z serwisu internetowego\u00a0flexicourt.pl - Flexi Court - profesjonalne boisko sportowe w Twoim ogrodzie\" \/>\n<meta property=\"og:description\" content=\"Regulamin korzystania z serwisu internetowego flexicourt.pl I. Autorstwo i w\u0142asno\u015b\u0107 Serwis internetowy znajduj\u0105cy si\u0119 pod adresem www.flexicourt.pl, zwany dalej Serwisem jest w\u0142asno\u015bci\u0105 i jest utrzymywany przez Flexi Court Sp. z o.o. (zwan\u0105 dalej Administratorem). Adres e-mail s\u0142u\u017c\u0105cy do kontakt\u00f3w w kwestiach zwi\u0105zanych z Serwisem to info@flexicourt.pl II. Zobowi\u0105zanie u\u017cytkownika 1. Korzystanie z Serwisu mo\u017cliwe jest&hellip;&nbsp;Read More &raquo;Regulamin korzystania z serwisu internetowego\u00a0flexicourt.pl\" \/>\n<meta property=\"og:url\" content=\"https:\/\/flexicourt.pl\/en\/regulamin-korzystania-z-serwisu-internetowego\/\" \/>\n<meta property=\"og:site_name\" content=\"Flexi Court - profesjonalne boisko sportowe w Twoim ogrodzie\" \/>\n<meta property=\"article:publisher\" content=\"https:\/\/www.facebook.com\/FlexiCourt\/\" \/>\n<meta property=\"article:modified_time\" content=\"2025-01-24T16:42:02+00:00\" \/>\n<meta name=\"twitter:card\" content=\"summary_large_image\" \/>\n<meta name=\"twitter:site\" content=\"@FlexiCourt\" \/>\n<meta name=\"twitter:label1\" content=\"Estimated reading time\" \/>\n\t<meta name=\"twitter:data1\" content=\"8 minutes\" \/>\n<script type=\"application\/ld+json\" class=\"yoast-schema-graph\">{\"@context\":\"https:\\\/\\\/schema.org\",\"@graph\":[{\"@type\":\"WebPage\",\"@id\":\"https:\\\/\\\/flexicourt.pl\\\/regulamin-korzystania-z-serwisu-internetowego\\\/\",\"url\":\"https:\\\/\\\/flexicourt.pl\\\/regulamin-korzystania-z-serwisu-internetowego\\\/\",\"name\":\"Regulamin korzystania z serwisu internetowego\u00a0flexicourt.pl - Flexi Court - profesjonalne boisko sportowe w Twoim ogrodzie\",\"isPartOf\":{\"@id\":\"https:\\\/\\\/flexicourt.pl\\\/#website\"},\"datePublished\":\"2024-12-31T23:01:23+00:00\",\"dateModified\":\"2025-01-24T16:42:02+00:00\",\"breadcrumb\":{\"@id\":\"https:\\\/\\\/flexicourt.pl\\\/regulamin-korzystania-z-serwisu-internetowego\\\/#breadcrumb\"},\"inLanguage\":\"en-GB\",\"potentialAction\":[{\"@type\":\"ReadAction\",\"target\":[\"https:\\\/\\\/flexicourt.pl\\\/regulamin-korzystania-z-serwisu-internetowego\\\/\"]}]},{\"@type\":\"BreadcrumbList\",\"@id\":\"https:\\\/\\\/flexicourt.pl\\\/regulamin-korzystania-z-serwisu-internetowego\\\/#breadcrumb\",\"itemListElement\":[{\"@type\":\"ListItem\",\"position\":1,\"name\":\"Strona g\u0142\u00f3wna\",\"item\":\"https:\\\/\\\/flexicourt.pl\\\/\"},{\"@type\":\"ListItem\",\"position\":2,\"name\":\"Regulamin korzystania z serwisu internetowego\u00a0flexicourt.pl\"}]},{\"@type\":\"WebSite\",\"@id\":\"https:\\\/\\\/flexicourt.pl\\\/#website\",\"url\":\"https:\\\/\\\/flexicourt.pl\\\/\",\"name\":\"Flexi Court - profesjonalne boisko sportowe w Twoim ogrodzie\",\"description\":\"Tworzymy rodzinne przestrzenie sportowe\",\"publisher\":{\"@id\":\"https:\\\/\\\/flexicourt.pl\\\/#organization\"},\"potentialAction\":[{\"@type\":\"SearchAction\",\"target\":{\"@type\":\"EntryPoint\",\"urlTemplate\":\"https:\\\/\\\/flexicourt.pl\\\/?s={search_term_string}\"},\"query-input\":{\"@type\":\"PropertyValueSpecification\",\"valueRequired\":true,\"valueName\":\"search_term_string\"}}],\"inLanguage\":\"en-GB\"},{\"@type\":\"Organization\",\"@id\":\"https:\\\/\\\/flexicourt.pl\\\/#organization\",\"name\":\"Flexi Court\",\"url\":\"https:\\\/\\\/flexicourt.pl\\\/\",\"logo\":{\"@type\":\"ImageObject\",\"inLanguage\":\"en-GB\",\"@id\":\"https:\\\/\\\/flexicourt.pl\\\/#\\\/schema\\\/logo\\\/image\\\/\",\"url\":\"https:\\\/\\\/flexicourt.pl\\\/wp-content\\\/uploads\\\/2023\\\/11\\\/cropped-website-logo.png\",\"contentUrl\":\"https:\\\/\\\/flexicourt.pl\\\/wp-content\\\/uploads\\\/2023\\\/11\\\/cropped-website-logo.png\",\"width\":512,\"height\":512,\"caption\":\"Flexi Court\"},\"image\":{\"@id\":\"https:\\\/\\\/flexicourt.pl\\\/#\\\/schema\\\/logo\\\/image\\\/\"},\"sameAs\":[\"https:\\\/\\\/www.facebook.com\\\/FlexiCourt\\\/\",\"https:\\\/\\\/x.com\\\/FlexiCourt\",\"https:\\\/\\\/www.instagram.com\\\/flexi_court\\\/\",\"https:\\\/\\\/www.tiktok.com\\\/@flexicourt\"]}]}<\/script>\n<!-- \/ Yoast SEO plugin. -->","yoast_head_json":{"title":"Regulamin korzystania z serwisu internetowego\u00a0flexicourt.pl - Flexi Court - profesjonalne boisko sportowe w Twoim ogrodzie","robots":{"index":"index","follow":"follow","max-snippet":"max-snippet:-1","max-image-preview":"max-image-preview:large","max-video-preview":"max-video-preview:-1"},"canonical":"https:\/\/flexicourt.pl\/en\/regulamin-korzystania-z-serwisu-internetowego\/","og_locale":"en_GB","og_type":"article","og_title":"Regulamin korzystania z serwisu internetowego\u00a0flexicourt.pl - Flexi Court - profesjonalne boisko sportowe w Twoim ogrodzie","og_description":"Regulamin korzystania z serwisu internetowego flexicourt.pl I. Autorstwo i w\u0142asno\u015b\u0107 Serwis internetowy znajduj\u0105cy si\u0119 pod adresem www.flexicourt.pl, zwany dalej Serwisem jest w\u0142asno\u015bci\u0105 i jest utrzymywany przez Flexi Court Sp. z o.o. (zwan\u0105 dalej Administratorem). Adres e-mail s\u0142u\u017c\u0105cy do kontakt\u00f3w w kwestiach zwi\u0105zanych z Serwisem to info@flexicourt.pl II. Zobowi\u0105zanie u\u017cytkownika 1. Korzystanie z Serwisu mo\u017cliwe jest&hellip;&nbsp;Read More &raquo;Regulamin korzystania z serwisu internetowego\u00a0flexicourt.pl","og_url":"https:\/\/flexicourt.pl\/en\/regulamin-korzystania-z-serwisu-internetowego\/","og_site_name":"Flexi Court - profesjonalne boisko sportowe w Twoim ogrodzie","article_publisher":"https:\/\/www.facebook.com\/FlexiCourt\/","article_modified_time":"2025-01-24T16:42:02+00:00","twitter_card":"summary_large_image","twitter_site":"@FlexiCourt","twitter_misc":{"Estimated reading time":"8 minutes"},"schema":{"@context":"https:\/\/schema.org","@graph":[{"@type":"WebPage","@id":"https:\/\/flexicourt.pl\/regulamin-korzystania-z-serwisu-internetowego\/","url":"https:\/\/flexicourt.pl\/regulamin-korzystania-z-serwisu-internetowego\/","name":"Regulamin korzystania z serwisu internetowego\u00a0flexicourt.pl - Flexi Court - profesjonalne boisko sportowe w Twoim ogrodzie","isPartOf":{"@id":"https:\/\/flexicourt.pl\/#website"},"datePublished":"2024-12-31T23:01:23+00:00","dateModified":"2025-01-24T16:42:02+00:00","breadcrumb":{"@id":"https:\/\/flexicourt.pl\/regulamin-korzystania-z-serwisu-internetowego\/#breadcrumb"},"inLanguage":"en-GB","potentialAction":[{"@type":"ReadAction","target":["https:\/\/flexicourt.pl\/regulamin-korzystania-z-serwisu-internetowego\/"]}]},{"@type":"BreadcrumbList","@id":"https:\/\/flexicourt.pl\/regulamin-korzystania-z-serwisu-internetowego\/#breadcrumb","itemListElement":[{"@type":"ListItem","position":1,"name":"Strona g\u0142\u00f3wna","item":"https:\/\/flexicourt.pl\/"},{"@type":"ListItem","position":2,"name":"Regulamin korzystania z serwisu internetowego\u00a0flexicourt.pl"}]},{"@type":"WebSite","@id":"https:\/\/flexicourt.pl\/#website","url":"https:\/\/flexicourt.pl\/","name":"Flexi Court - profesjonalne boisko sportowe w Twoim ogrodzie","description":"Tworzymy rodzinne przestrzenie sportowe","publisher":{"@id":"https:\/\/flexicourt.pl\/#organization"},"potentialAction":[{"@type":"SearchAction","target":{"@type":"EntryPoint","urlTemplate":"https:\/\/flexicourt.pl\/?s={search_term_string}"},"query-input":{"@type":"PropertyValueSpecification","valueRequired":true,"valueName":"search_term_string"}}],"inLanguage":"en-GB"},{"@type":"Organization","@id":"https:\/\/flexicourt.pl\/#organization","name":"Flexi Court","url":"https:\/\/flexicourt.pl\/","logo":{"@type":"ImageObject","inLanguage":"en-GB","@id":"https:\/\/flexicourt.pl\/#\/schema\/logo\/image\/","url":"https:\/\/flexicourt.pl\/wp-content\/uploads\/2023\/11\/cropped-website-logo.png","contentUrl":"https:\/\/flexicourt.pl\/wp-content\/uploads\/2023\/11\/cropped-website-logo.png","width":512,"height":512,"caption":"Flexi Court"},"image":{"@id":"https:\/\/flexicourt.pl\/#\/schema\/logo\/image\/"},"sameAs":["https:\/\/www.facebook.com\/FlexiCourt\/","https:\/\/x.com\/FlexiCourt","https:\/\/www.instagram.com\/flexi_court\/","https:\/\/www.tiktok.com\/@flexicourt"]}]}},"_links":{"self":[{"href":"https:\/\/flexicourt.pl\/en\/wp-json\/wp\/v2\/pages\/794","targetHints":{"allow":["GET"]}}],"collection":[{"href":"https:\/\/flexicourt.pl\/en\/wp-json\/wp\/v2\/pages"}],"about":[{"href":"https:\/\/flexicourt.pl\/en\/wp-json\/wp\/v2\/types\/page"}],"author":[{"embeddable":true,"href":"https:\/\/flexicourt.pl\/en\/wp-json\/wp\/v2\/users\/2"}],"replies":[{"embeddable":true,"href":"https:\/\/flexicourt.pl\/en\/wp-json\/wp\/v2\/comments?post=794"}],"version-history":[{"count":7,"href":"https:\/\/flexicourt.pl\/en\/wp-json\/wp\/v2\/pages\/794\/revisions"}],"predecessor-version":[{"id":803,"href":"https:\/\/flexicourt.pl\/en\/wp-json\/wp\/v2\/pages\/794\/revisions\/803"}],"wp:attachment":[{"href":"https:\/\/flexicourt.pl\/en\/wp-json\/wp\/v2\/media?parent=794"}],"curies":[{"name":"wp","href":"https:\/\/api.w.org\/{rel}","templated":true}]}}