{"id":554,"date":"2024-03-28T11:55:16","date_gmt":"2024-03-28T10:55:16","guid":{"rendered":"https:\/\/flexicourt.pl\/?page_id=554"},"modified":"2024-04-08T08:31:48","modified_gmt":"2024-04-08T06:31:48","slug":"nawierzchnia-modulowa-z-plytek-polipropylenowych","status":"publish","type":"page","link":"https:\/\/flexicourt.pl\/en\/nawierzchnia-modulowa-z-plytek-polipropylenowych\/","title":{"rendered":"Nawierzchnia modu\u0142owa z p\u0142ytek polipropylenowych"},"content":{"rendered":"<div data-elementor-type=\"wp-page\" data-elementor-id=\"554\" class=\"elementor elementor-554\">\n\t\t\t\t<div class=\"elementor-element elementor-element-665db322 e-flex e-con-boxed e-con e-parent\" data-id=\"665db322\" data-element_type=\"container\" data-e-type=\"container\">\n\t\t\t\t\t<div class=\"e-con-inner\">\n\t\t\t\t<div class=\"elementor-element elementor-element-3a3ad88c elementor-widget elementor-widget-text-editor\" data-id=\"3a3ad88c\" data-element_type=\"widget\" data-e-type=\"widget\" data-widget_type=\"text-editor.default\">\n\t\t\t\t<div class=\"elementor-widget-container\">\n\t\t\t\t\t\t\t\t\t<p><\/p>\n<h1 class=\"wp-block-heading\"><strong>Sports surfaces \u2013 advantages of modular polypropylene surfaces<\/strong><\/h1>\n<p><\/p>\n<p>At Flexi Court, we are committed to providing <strong>modular tiles<\/strong>that are revolutionizing the way people think about <strong>sports courts surfaces<\/strong>. Our <strong>modular polypropylene surfaces<\/strong> It is more than just a playing surface \u2014 it is a well thought out investment in safety, performance, and durability.<\/p>\n<p><div class=\"wp-block-image is-style-rounded\"><\/p>\n<figure class=\"aligncenter size-large\"><img fetchpriority=\"high\" decoding=\"async\" class=\"aligncenter wp-image-564\" style=\"aspect-ratio: 16\/9; object-fit: cover;\" src=\"https:\/\/flexicourt.pl\/wp-content\/uploads\/2024\/04\/Flexi-Court-nawierzchnia-1024x768.jpg\" alt=\"\" width=\"750\" height=\"563\" srcset=\"\" sizes=\"(max-width: 750px) 100vw, 750px\" data-srcset=\"\" \/><\/figure>\n<p><\/div><\/p>\n<h2 class=\"wp-block-heading\">Safety at the highest level<\/h2>\n<p><\/p>\n<p>Our <strong>sports court surfaces<\/strong> are designed with safety in mind. Thanks to the unique design of the tiles, our <strong>sports surfaces<\/strong> offer both vertical and lateral cushioning, protecting players' joints from injury. It is lateral cushioning, rarely found in other types of <strong>modular tiles<\/strong>, that is our advantage, providing additional protection. This is a key aspect, especially in sports that require high dynamics and quick changes of direction.<\/p>\n<p><\/p>\n<h2 class=\"wp-block-heading\">Durability and economy \u2013 a surface that pays dividends<\/h2>\n<p><\/p>\n<p>Our <strong>modular polypropylene surfaces<\/strong> are characterized not only by high quality and safety, but also by durability and ease of maintenance. After installation, <strong>sports surfaces<\/strong> are virtually maintenance-free, which translates into savings and eliminates additional costs. One of the key advantages of our <strong>modular tiles<\/strong> is their resistance to extreme temperatures, both cold and heat, making them the perfect choice for any season. These surfaces are also designed not to overheat when exposed to direct sunlight. In addition, they are water-permeable and dry quickly, minimizing the risk of slipping.<\/p>\n<p><div class=\"wp-block-image is-style-rounded\"><\/p>\n<figure class=\"aligncenter size-full\"><img decoding=\"async\" class=\"aligncenter wp-image-565 lazyload\" data-src=\"https:\/\/flexicourt.pl\/wp-content\/uploads\/2024\/04\/Boisko-basket.jpg\" alt=\"przydomowe boisko do koszyk\u00f3wki\" width=\"750\" height=\"529\" data-srcset=\"https:\/\/flexicourt.pl\/wp-content\/uploads\/2024\/04\/Boisko-basket.jpg 945w, https:\/\/flexicourt.pl\/wp-content\/uploads\/2024\/04\/Boisko-basket-300x212.jpg 300w, https:\/\/flexicourt.pl\/wp-content\/uploads\/2024\/04\/Boisko-basket-768x542.jpg 768w\" data-sizes=\"(max-width: 750px) 100vw, 750px\" src=\"data:image\/svg+xml;base64,PHN2ZyB3aWR0aD0iMSIgaGVpZ2h0PSIxIiB4bWxucz0iaHR0cDovL3d3dy53My5vcmcvMjAwMC9zdmciPjwvc3ZnPg==\" style=\"--smush-placeholder-width: 750px; --smush-placeholder-aspect-ratio: 750\/529;\" \/><\/figure>\n<p><\/div><\/p>\n<h2 class=\"wp-block-heading\">Flexibility and ease of installation \u2013 your court, your rules<\/h2>\n<p><\/p>\n<p>Changing your garden layout? Moving house? Thanks to easy assembly and disassembly of sports tiles, our <strong>modular surfaces<\/strong> allow for easy reconfiguration or relocation of the residential sports court. It is a flexible solution that will adapt to any space and needs. Installation of our <strong>sports flooring<\/strong> is a simple and quick process, ensuring the smooth implementation of your sports court project.<\/p>\n<p><\/p>\n<h2 class=\"wp-block-heading\">Personalization and aesthetics \u2013 a court with character<\/h2>\n<p><\/p>\n<p>At Flexi Court, we understand that a court is not only a place to play, but also an aesthetic element of your space. Our <strong>sports court surfaces<\/strong> offer extensive customization options, from color selection to adding your own logo. This allows each court to be unique and reflect your personal style.<\/p>\n<p><\/p>\n<h2 class=\"wp-block-heading\">Sustainable development \u2013 an investment in the future<\/h2>\n<p><\/p>\n<p>By choosing our <strong>polypropylene sports flooring<\/strong>, you are making a sustainable choice. Our surfaces <a href=\"https:\/\/flexicourt.pl\/en\/\"><strong>of backyard courts<\/strong><\/a> are manufactured in accordance with ISO 14001 and ISO 14004:2015 standards, and selected models are certified by recognized sports federations, including FIBA, FIVB, ITF, and FFF.\u00a0<\/p>\n<p><div class=\"wp-block-image is-style-rounded\"><\/p>\n<figure class=\"aligncenter size-large\"><img decoding=\"async\" class=\"aligncenter wp-image-533\" src=\"https:\/\/flexicourt.pl\/wp-content\/uploads\/2024\/02\/rolki-rodzina-1024x683.jpeg\" alt=\"rolki rodzina\" width=\"750\" height=\"501\" srcset=\"\" sizes=\"(max-width: 750px) 100vw, 750px\" data-srcset=\"\" \/><\/figure>\n<p><\/div><\/p>\n<h2 class=\"wp-block-heading\">Comfortable play and trainings regardless of the weather<\/h2>\n<p><\/p>\n<p>Thanks to their unique structure, our <strong>modular surfaces<\/strong> are more resistant to heating from the sun compared to traditional materials. This means greater comfort when playing, even on hot days. The structure of the polypropylene tiles we offer for <strong>sports courts surfaces<\/strong> also ensures rapid drainage, which is an invaluable advantage in the changeable European climate. As a result, the pitch quickly becomes usable again even after heavy rainfall, which is crucial for maintaining continuity in training and games.<\/p>\n<p><\/p>\n<h2 class=\"wp-block-heading\">Modernity and technology \u2013 advantage through innovation<\/h2>\n<p><\/p>\n<p>By investing in <strong>polypropylene sports flooring<\/strong> from Flexi Court, you are choosing a product that is the result of advanced research and innovative technological solutions. Our <strong>sports surfaces<\/strong>combine high-quality materials with modern design, guaranteeing long-lasting satisfaction and an attractive appearance for your private backyard court.<\/p>\n<p><\/p>\n<h2 class=\"wp-block-heading\">Wide range of solutions<\/h2>\n<p><\/p>\n<p>Our offer includes a wide selection of <strong>sports courts surfaces<\/strong>, which have been designed for a variety of disciplines and skill levels. PowerGame+, Flex I, Flex II, Soft T1, Soft T2, Sport I and Sport III \u2013 each <strong>sports surface model<\/strong> is tailored to the specific needs of users of a given sport, providing them with optimal conditions for playing and training.<\/p>\n<p><div class=\"wp-block-image is-style-rounded\"><\/p>\n<figure class=\"aligncenter size-large\"><img loading=\"lazy\" decoding=\"async\" class=\"aligncenter wp-image-566\" src=\"https:\/\/flexicourt.pl\/wp-content\/uploads\/2024\/04\/koszykowka-w-ogrodzie-1024x634.jpeg\" alt=\"koszyk\u00f3wka w ogrodzie\" width=\"750\" height=\"465\" srcset=\"\" sizes=\"(max-width: 750px) 100vw, 750px\" data-srcset=\"\" \/><\/figure>\n<p><\/div><\/p>\n<h2 class=\"wp-block-heading\">Flexi Court sports surfaces \u2013 inspiration for being active and enjoying sports<\/h2>\n<p><\/p>\n<p>At Flexi Court, we are convinced that our <strong>sports surfaces<\/strong> are the key to creating spaces that inspire people, promote physical activity, healthy lifestyle, and bring joy from playing your favorite sports in the comfort of your backyard. Our solutions are designed to meet the highest expectations.<\/p>\n<p><\/p>\t\t\t\t\t\t\t\t<\/div>\n\t\t\t\t<\/div>\n\t\t\t\t\t<\/div>\n\t\t\t\t<\/div>\n\t\t\t\t<\/div>","protected":false},"excerpt":{"rendered":"<p>Nawierzchnie sportowe &#8211; zalety modu\u0142owej nawierzchni polipropylenowej W Flexi Court zale\u017cy nam na dostarczaniu nawierzchni sportowych, kt\u00f3re rewolucjonizuj\u0105 spos\u00f3b, w jaki ludzie my\u015bl\u0105 o nawierzchniach boisk sportowych. Nasze modu\u0142owe nawierzchnie polipropylenowe to wi\u0119cej ni\u017c tylko pod\u0142o\u017ce do gry \u2013 to przemy\u015blana inwestycja w bezpiecze\u0144stwo, wydajno\u015b\u0107 i trwa\u0142o\u015b\u0107. Bezpiecze\u0144stwo na najwy\u017cszym poziomie Nasze nawierzchnie boisk s\u0105&hellip;&nbsp;<a href=\"https:\/\/flexicourt.pl\/en\/nawierzchnia-modulowa-z-plytek-polipropylenowych\/\" class=\"\" rel=\"bookmark\">Read More &raquo;<span class=\"screen-reader-text\">Nawierzchnia modu\u0142owa z p\u0142ytek polipropylenowych<\/span><\/a><\/p>","protected":false},"author":2,"featured_media":0,"parent":0,"menu_order":0,"comment_status":"closed","ping_status":"closed","template":"","meta":{"om_disable_all_campaigns":false,"_monsterinsights_skip_tracking":false,"_monsterinsights_sitenote_active":false,"_monsterinsights_sitenote_note":"","_monsterinsights_sitenote_category":0,"neve_meta_sidebar":"","neve_meta_container":"","neve_meta_enable_content_width":"","neve_meta_content_width":0,"neve_meta_title_alignment":"","neve_meta_author_avatar":"","neve_post_elements_order":"","neve_meta_disable_header":"","neve_meta_disable_footer":"","neve_meta_disable_title":"on","footnotes":""},"class_list":["post-554","page","type-page","status-publish","hentry"],"aioseo_notices":[],"yoast_head":"<!-- This site is optimized with the Yoast SEO plugin v27.5 - https:\/\/yoast.com\/product\/yoast-seo-wordpress\/ -->\n<title>Nawierzchnie sportowe - najlepsze rozwi\u0105zania dla Twojego boiska<\/title>\n<meta name=\"description\" content=\"Nawierzchnie sportowe - zapewnij sobie najwy\u017csz\u0105 jako\u015b\u0107 i profesjonalizm. Odkryj nasze innowacyjne rozwi\u0105zania i ciesz si\u0119 niezawodno\u015bci\u0105 na lata.\" \/>\n<meta name=\"robots\" content=\"index, follow, max-snippet:-1, max-image-preview:large, max-video-preview:-1\" \/>\n<link rel=\"canonical\" href=\"https:\/\/flexicourt.pl\/en\/nawierzchnia-modulowa-z-plytek-polipropylenowych\/\" \/>\n<meta property=\"og:locale\" content=\"en_GB\" \/>\n<meta property=\"og:type\" content=\"article\" \/>\n<meta property=\"og:title\" content=\"Nawierzchnie sportowe - najlepsze rozwi\u0105zania dla Twojego boiska\" \/>\n<meta property=\"og:description\" content=\"Nawierzchnie sportowe - zapewnij sobie najwy\u017csz\u0105 jako\u015b\u0107 i profesjonalizm. Odkryj nasze innowacyjne rozwi\u0105zania i ciesz si\u0119 niezawodno\u015bci\u0105 na lata.\" \/>\n<meta property=\"og:url\" content=\"https:\/\/flexicourt.pl\/en\/nawierzchnia-modulowa-z-plytek-polipropylenowych\/\" \/>\n<meta property=\"og:site_name\" content=\"Flexi Court - profesjonalne boisko sportowe w Twoim ogrodzie\" \/>\n<meta property=\"article:publisher\" content=\"https:\/\/www.facebook.com\/FlexiCourt\/\" \/>\n<meta property=\"article:modified_time\" content=\"2024-04-08T06:31:48+00:00\" \/>\n<meta property=\"og:image\" content=\"https:\/\/flexicourt.pl\/wp-content\/uploads\/2024\/04\/Flexi-Court-nawierzchnia-1024x768.jpg\" \/>\n<meta name=\"twitter:card\" content=\"summary_large_image\" \/>\n<meta name=\"twitter:site\" content=\"@FlexiCourt\" \/>\n<meta name=\"twitter:label1\" content=\"Estimated reading time\" \/>\n\t<meta name=\"twitter:data1\" content=\"5 minutes\" \/>\n<script type=\"application\/ld+json\" class=\"yoast-schema-graph\">{\"@context\":\"https:\\\/\\\/schema.org\",\"@graph\":[{\"@type\":\"WebPage\",\"@id\":\"https:\\\/\\\/flexicourt.pl\\\/nawierzchnia-modulowa-z-plytek-polipropylenowych\\\/\",\"url\":\"https:\\\/\\\/flexicourt.pl\\\/nawierzchnia-modulowa-z-plytek-polipropylenowych\\\/\",\"name\":\"Nawierzchnie sportowe - najlepsze rozwi\u0105zania dla Twojego boiska\",\"isPartOf\":{\"@id\":\"https:\\\/\\\/flexicourt.pl\\\/#website\"},\"primaryImageOfPage\":{\"@id\":\"https:\\\/\\\/flexicourt.pl\\\/nawierzchnia-modulowa-z-plytek-polipropylenowych\\\/#primaryimage\"},\"image\":{\"@id\":\"https:\\\/\\\/flexicourt.pl\\\/nawierzchnia-modulowa-z-plytek-polipropylenowych\\\/#primaryimage\"},\"thumbnailUrl\":\"https:\\\/\\\/flexicourt.pl\\\/wp-content\\\/uploads\\\/2024\\\/04\\\/Flexi-Court-nawierzchnia-1024x768.jpg\",\"datePublished\":\"2024-03-28T10:55:16+00:00\",\"dateModified\":\"2024-04-08T06:31:48+00:00\",\"description\":\"Nawierzchnie sportowe - zapewnij sobie najwy\u017csz\u0105 jako\u015b\u0107 i profesjonalizm. Odkryj nasze innowacyjne rozwi\u0105zania i ciesz si\u0119 niezawodno\u015bci\u0105 na lata.\",\"breadcrumb\":{\"@id\":\"https:\\\/\\\/flexicourt.pl\\\/nawierzchnia-modulowa-z-plytek-polipropylenowych\\\/#breadcrumb\"},\"inLanguage\":\"en-GB\",\"potentialAction\":[{\"@type\":\"ReadAction\",\"target\":[\"https:\\\/\\\/flexicourt.pl\\\/nawierzchnia-modulowa-z-plytek-polipropylenowych\\\/\"]}]},{\"@type\":\"ImageObject\",\"inLanguage\":\"en-GB\",\"@id\":\"https:\\\/\\\/flexicourt.pl\\\/nawierzchnia-modulowa-z-plytek-polipropylenowych\\\/#primaryimage\",\"url\":\"https:\\\/\\\/flexicourt.pl\\\/wp-content\\\/uploads\\\/2024\\\/04\\\/Flexi-Court-nawierzchnia-1024x768.jpg\",\"contentUrl\":\"https:\\\/\\\/flexicourt.pl\\\/wp-content\\\/uploads\\\/2024\\\/04\\\/Flexi-Court-nawierzchnia-1024x768.jpg\"},{\"@type\":\"BreadcrumbList\",\"@id\":\"https:\\\/\\\/flexicourt.pl\\\/nawierzchnia-modulowa-z-plytek-polipropylenowych\\\/#breadcrumb\",\"itemListElement\":[{\"@type\":\"ListItem\",\"position\":1,\"name\":\"Strona g\u0142\u00f3wna\",\"item\":\"https:\\\/\\\/flexicourt.pl\\\/\"},{\"@type\":\"ListItem\",\"position\":2,\"name\":\"Nawierzchnia modu\u0142owa z p\u0142ytek polipropylenowych\"}]},{\"@type\":\"WebSite\",\"@id\":\"https:\\\/\\\/flexicourt.pl\\\/#website\",\"url\":\"https:\\\/\\\/flexicourt.pl\\\/\",\"name\":\"Flexi Court - profesjonalne boisko sportowe w Twoim ogrodzie\",\"description\":\"Tworzymy rodzinne przestrzenie sportowe\",\"publisher\":{\"@id\":\"https:\\\/\\\/flexicourt.pl\\\/#organization\"},\"potentialAction\":[{\"@type\":\"SearchAction\",\"target\":{\"@type\":\"EntryPoint\",\"urlTemplate\":\"https:\\\/\\\/flexicourt.pl\\\/?s={search_term_string}\"},\"query-input\":{\"@type\":\"PropertyValueSpecification\",\"valueRequired\":true,\"valueName\":\"search_term_string\"}}],\"inLanguage\":\"en-GB\"},{\"@type\":\"Organization\",\"@id\":\"https:\\\/\\\/flexicourt.pl\\\/#organization\",\"name\":\"Flexi Court\",\"url\":\"https:\\\/\\\/flexicourt.pl\\\/\",\"logo\":{\"@type\":\"ImageObject\",\"inLanguage\":\"en-GB\",\"@id\":\"https:\\\/\\\/flexicourt.pl\\\/#\\\/schema\\\/logo\\\/image\\\/\",\"url\":\"https:\\\/\\\/flexicourt.pl\\\/wp-content\\\/uploads\\\/2023\\\/11\\\/cropped-website-logo.png\",\"contentUrl\":\"https:\\\/\\\/flexicourt.pl\\\/wp-content\\\/uploads\\\/2023\\\/11\\\/cropped-website-logo.png\",\"width\":512,\"height\":512,\"caption\":\"Flexi Court\"},\"image\":{\"@id\":\"https:\\\/\\\/flexicourt.pl\\\/#\\\/schema\\\/logo\\\/image\\\/\"},\"sameAs\":[\"https:\\\/\\\/www.facebook.com\\\/FlexiCourt\\\/\",\"https:\\\/\\\/x.com\\\/FlexiCourt\",\"https:\\\/\\\/www.instagram.com\\\/flexi_court\\\/\",\"https:\\\/\\\/www.tiktok.com\\\/@flexicourt\"]}]}<\/script>\n<!-- \/ Yoast SEO plugin. -->","yoast_head_json":{"title":"Nawierzchnie sportowe - najlepsze rozwi\u0105zania dla Twojego boiska","description":"Nawierzchnie sportowe - zapewnij sobie najwy\u017csz\u0105 jako\u015b\u0107 i profesjonalizm. Odkryj nasze innowacyjne rozwi\u0105zania i ciesz si\u0119 niezawodno\u015bci\u0105 na lata.","robots":{"index":"index","follow":"follow","max-snippet":"max-snippet:-1","max-image-preview":"max-image-preview:large","max-video-preview":"max-video-preview:-1"},"canonical":"https:\/\/flexicourt.pl\/en\/nawierzchnia-modulowa-z-plytek-polipropylenowych\/","og_locale":"en_GB","og_type":"article","og_title":"Nawierzchnie sportowe - najlepsze rozwi\u0105zania dla Twojego boiska","og_description":"Nawierzchnie sportowe - zapewnij sobie najwy\u017csz\u0105 jako\u015b\u0107 i profesjonalizm. Odkryj nasze innowacyjne rozwi\u0105zania i ciesz si\u0119 niezawodno\u015bci\u0105 na lata.","og_url":"https:\/\/flexicourt.pl\/en\/nawierzchnia-modulowa-z-plytek-polipropylenowych\/","og_site_name":"Flexi Court - profesjonalne boisko sportowe w Twoim ogrodzie","article_publisher":"https:\/\/www.facebook.com\/FlexiCourt\/","article_modified_time":"2024-04-08T06:31:48+00:00","og_image":[{"url":"https:\/\/flexicourt.pl\/wp-content\/uploads\/2024\/04\/Flexi-Court-nawierzchnia-1024x768.jpg","type":"","width":"","height":""}],"twitter_card":"summary_large_image","twitter_site":"@FlexiCourt","twitter_misc":{"Estimated reading time":"5 minutes"},"schema":{"@context":"https:\/\/schema.org","@graph":[{"@type":"WebPage","@id":"https:\/\/flexicourt.pl\/nawierzchnia-modulowa-z-plytek-polipropylenowych\/","url":"https:\/\/flexicourt.pl\/nawierzchnia-modulowa-z-plytek-polipropylenowych\/","name":"Nawierzchnie sportowe - najlepsze rozwi\u0105zania dla Twojego boiska","isPartOf":{"@id":"https:\/\/flexicourt.pl\/#website"},"primaryImageOfPage":{"@id":"https:\/\/flexicourt.pl\/nawierzchnia-modulowa-z-plytek-polipropylenowych\/#primaryimage"},"image":{"@id":"https:\/\/flexicourt.pl\/nawierzchnia-modulowa-z-plytek-polipropylenowych\/#primaryimage"},"thumbnailUrl":"https:\/\/flexicourt.pl\/wp-content\/uploads\/2024\/04\/Flexi-Court-nawierzchnia-1024x768.jpg","datePublished":"2024-03-28T10:55:16+00:00","dateModified":"2024-04-08T06:31:48+00:00","description":"Nawierzchnie sportowe - zapewnij sobie najwy\u017csz\u0105 jako\u015b\u0107 i profesjonalizm. Odkryj nasze innowacyjne rozwi\u0105zania i ciesz si\u0119 niezawodno\u015bci\u0105 na lata.","breadcrumb":{"@id":"https:\/\/flexicourt.pl\/nawierzchnia-modulowa-z-plytek-polipropylenowych\/#breadcrumb"},"inLanguage":"en-GB","potentialAction":[{"@type":"ReadAction","target":["https:\/\/flexicourt.pl\/nawierzchnia-modulowa-z-plytek-polipropylenowych\/"]}]},{"@type":"ImageObject","inLanguage":"en-GB","@id":"https:\/\/flexicourt.pl\/nawierzchnia-modulowa-z-plytek-polipropylenowych\/#primaryimage","url":"https:\/\/flexicourt.pl\/wp-content\/uploads\/2024\/04\/Flexi-Court-nawierzchnia-1024x768.jpg","contentUrl":"https:\/\/flexicourt.pl\/wp-content\/uploads\/2024\/04\/Flexi-Court-nawierzchnia-1024x768.jpg"},{"@type":"BreadcrumbList","@id":"https:\/\/flexicourt.pl\/nawierzchnia-modulowa-z-plytek-polipropylenowych\/#breadcrumb","itemListElement":[{"@type":"ListItem","position":1,"name":"Strona g\u0142\u00f3wna","item":"https:\/\/flexicourt.pl\/"},{"@type":"ListItem","position":2,"name":"Nawierzchnia modu\u0142owa z p\u0142ytek polipropylenowych"}]},{"@type":"WebSite","@id":"https:\/\/flexicourt.pl\/#website","url":"https:\/\/flexicourt.pl\/","name":"Flexi Court - profesjonalne boisko sportowe w Twoim ogrodzie","description":"Tworzymy rodzinne przestrzenie sportowe","publisher":{"@id":"https:\/\/flexicourt.pl\/#organization"},"potentialAction":[{"@type":"SearchAction","target":{"@type":"EntryPoint","urlTemplate":"https:\/\/flexicourt.pl\/?s={search_term_string}"},"query-input":{"@type":"PropertyValueSpecification","valueRequired":true,"valueName":"search_term_string"}}],"inLanguage":"en-GB"},{"@type":"Organization","@id":"https:\/\/flexicourt.pl\/#organization","name":"Flexi Court","url":"https:\/\/flexicourt.pl\/","logo":{"@type":"ImageObject","inLanguage":"en-GB","@id":"https:\/\/flexicourt.pl\/#\/schema\/logo\/image\/","url":"https:\/\/flexicourt.pl\/wp-content\/uploads\/2023\/11\/cropped-website-logo.png","contentUrl":"https:\/\/flexicourt.pl\/wp-content\/uploads\/2023\/11\/cropped-website-logo.png","width":512,"height":512,"caption":"Flexi Court"},"image":{"@id":"https:\/\/flexicourt.pl\/#\/schema\/logo\/image\/"},"sameAs":["https:\/\/www.facebook.com\/FlexiCourt\/","https:\/\/x.com\/FlexiCourt","https:\/\/www.instagram.com\/flexi_court\/","https:\/\/www.tiktok.com\/@flexicourt"]}]}},"_links":{"self":[{"href":"https:\/\/flexicourt.pl\/en\/wp-json\/wp\/v2\/pages\/554","targetHints":{"allow":["GET"]}}],"collection":[{"href":"https:\/\/flexicourt.pl\/en\/wp-json\/wp\/v2\/pages"}],"about":[{"href":"https:\/\/flexicourt.pl\/en\/wp-json\/wp\/v2\/types\/page"}],"author":[{"embeddable":true,"href":"https:\/\/flexicourt.pl\/en\/wp-json\/wp\/v2\/users\/2"}],"replies":[{"embeddable":true,"href":"https:\/\/flexicourt.pl\/en\/wp-json\/wp\/v2\/comments?post=554"}],"version-history":[{"count":16,"href":"https:\/\/flexicourt.pl\/en\/wp-json\/wp\/v2\/pages\/554\/revisions"}],"predecessor-version":[{"id":630,"href":"https:\/\/flexicourt.pl\/en\/wp-json\/wp\/v2\/pages\/554\/revisions\/630"}],"wp:attachment":[{"href":"https:\/\/flexicourt.pl\/en\/wp-json\/wp\/v2\/media?parent=554"}],"curies":[{"name":"wp","href":"https:\/\/api.w.org\/{rel}","templated":true}]}}