{"id":551,"date":"2024-03-28T11:37:22","date_gmt":"2024-03-28T10:37:22","guid":{"rendered":"https:\/\/flexicourt.pl\/?page_id=551"},"modified":"2024-04-08T08:33:36","modified_gmt":"2024-04-08T06:33:36","slug":"proces-wspolpracy-przy-budowie-boisk-przydomowych","status":"publish","type":"page","link":"https:\/\/flexicourt.pl\/en\/proces-wspolpracy-przy-budowie-boisk-przydomowych\/","title":{"rendered":"Proces wsp\u00f3\u0142pracy przy budowie boiska przydomowego"},"content":{"rendered":"<div data-elementor-type=\"wp-page\" data-elementor-id=\"551\" class=\"elementor elementor-551\">\n\t\t\t\t<div class=\"elementor-element elementor-element-37d6ddb8 e-flex e-con-boxed e-con e-parent\" data-id=\"37d6ddb8\" data-element_type=\"container\" data-e-type=\"container\">\n\t\t\t\t\t<div class=\"e-con-inner\">\n\t\t\t\t<div class=\"elementor-element elementor-element-d52ee7f elementor-widget elementor-widget-text-editor\" data-id=\"d52ee7f\" data-element_type=\"widget\" data-e-type=\"widget\" data-widget_type=\"text-editor.default\">\n\t\t\t\t<div class=\"elementor-widget-container\">\n\t\t\t\t\t\t\t\t\t<p><\/p>\n<h1 class=\"wp-block-heading\"><strong>We get to know your needs \u2013 building a private sports court<\/strong><\/h1>\n<p><\/p>\n<p>At the beginning <strong>of the process of building a sports court<\/strong> our team focuses on thoroughly understanding your expectations and needs. This first step is crucial in <strong>constructing your residential sports court<\/strong>, because this allows us to offer you optimal solutions that perfectly match the characteristics of your terrain and your preferences regarding sports disciplines.<\/p>\n<p><\/p>\n<p>Regardless of whether it is a private or corporate investment, we approach each project <strong>of sports court construction<\/strong> individually, suggesting solutions that best meet your expectations. Our experience allows us to flexibly adapt to a variety of requirements, ensuring that each <a title=\"GARDEN SPORTS COURT\" href=\"https:\/\/flexicourt.pl\/en\/boisko-w-ogrodzie\/\"><strong>of backyard courts<\/strong><\/a> is unique and fits perfectly into the available space. In addition, our knowledge of modern technologies and materials guarantees that our recommendations regarding <strong>building a private sports court in your garden<\/strong> will be not only practical, but also innovative.<\/p>\n<p><div class=\"wp-block-image is-style-rounded\"><\/p>\n<figure class=\"aligncenter size-full is-resized\"><img fetchpriority=\"high\" decoding=\"async\" width=\"750\" height=\"502\" class=\"wp-image-574\" style=\"width: 750px;\" src=\"https:\/\/flexicourt.pl\/wp-content\/uploads\/2024\/04\/boisko-przydomowe-premium.jpg\" alt=\"boisko przydomowe premium\" srcset=\"https:\/\/flexicourt.pl\/wp-content\/uploads\/2024\/04\/boisko-przydomowe-premium.jpg 934w, https:\/\/flexicourt.pl\/wp-content\/uploads\/2024\/04\/boisko-przydomowe-premium-300x201.jpg 300w, https:\/\/flexicourt.pl\/wp-content\/uploads\/2024\/04\/boisko-przydomowe-premium-768x514.jpg 768w\" sizes=\"(max-width: 750px) 100vw, 750px\" \/><\/figure>\n<p><\/div><\/p>\n<h2 class=\"wp-block-heading\">Designing dreams<\/h2>\n<p><\/p>\n<p>The next step <strong>of the process of building a sports court<\/strong> is to prepare the design. We will provide you with visualizations that will allow you to see what your future backyard court will look like, including preferred color vrsions, logo placement, and other design elements. This phase is crucial in <strong>constructing a residential sports court<\/strong>, because this is the perfect moment to introduce any changes and adjust the design to your expectations. Thanks to the visualization, it will be easier for you to decide on the final look of the court.\u00a0<\/p>\n<p><\/p>\n<h2 class=\"wp-block-heading\">Adjusting the modular sports surface to your indivuidual needs<\/h2>\n<p><\/p>\n<p>If your investment meets the requirements regarding location and size, we will offer you the opportunity to meet directly with our expert, who will bring surface samples to your address. This service is available to customers located in Poland, and the planned sports court must have a minimum size of 100 square meters. For orders over 600 square meters, we deliver samples throughout Poland. This is a crucial moment in <strong>the process of constructing the court<\/strong> because it will enable you  to get to know the properties of the selected polypropylene sports surface better. This will make it easier to make the final decision. It is also a good time to sign the contract and determine the next steps. This individual approach in <strong>executing the backyard court<\/strong> allows Clients to thoroughly familiarize themselves with the material on which the matches will be played, which is crucial for their comfort and safety.\u00a0<\/p>\n<p><div class=\"wp-block-image is-style-rounded\"><\/p>\n<figure class=\"aligncenter size-large is-resized\"><img decoding=\"async\" width=\"750\" height=\"445\" class=\"wp-image-577\" style=\"width: 750px;\" src=\"https:\/\/flexicourt.pl\/wp-content\/uploads\/2024\/04\/probka-Flexi-Court-1024x607.jpg\" alt=\"pr\u00f3bka nawierzchni polipropylenowej Flexi Court\" srcset=\"\" sizes=\"(max-width: 750px) 100vw, 750px\" data-srcset=\"\" \/><\/figure>\n<p><\/div><\/p>\n<h2 class=\"wp-block-heading\">Project implementation<\/h2>\n<p><\/p>\n<p>After signing the contract and making the advance payment, we begin the next stage of <strong>constructing your residential sports court<\/strong> \u2013 production of sports modular flooring and commencement of substructure construction (unless you already have a paved area at the future court area, e.g., paving stones, concrete, asphalt). At this time, we also order the necessary sports equipment. If you decide to build the foundation yourself, we will provide you with all the necessary information and specifications so that the work can proceed smoothly and in accordance with our standards. Our team monitors every stage of production and preparation, which guarantees that <strong>the process of sports court construction<\/strong> is proceeding according to the plan. Providing comprehensive information about the substructure not only saves time and money, but also guarantees that the court will be functional and safe.<\/p>\n<p><div class=\"wp-block-image is-style-rounded\"><\/p>\n<figure class=\"aligncenter size-large is-resized\"><img decoding=\"async\" width=\"750\" height=\"349\" class=\"wp-image-575\" style=\"width: 750px;\" src=\"https:\/\/flexicourt.pl\/wp-content\/uploads\/2024\/04\/podbudowa-1024x476.jpg\" alt=\"podbudowa pod boisko przydomowe\" srcset=\"\" sizes=\"(max-width: 750px) 100vw, 750px\" data-srcset=\"\" \/><\/figure>\n<p><\/div><\/p>\n<h2 class=\"wp-block-heading\">Assembly and joy of the game<\/h2>\n<p><\/p>\n<p>Once the foundation is ready, we will be able to move on to the final stage <strong>building a private sports court in your garden<\/strong> \u2013 we will agree on a date for the installation of the sorts modular surface and sports equipment. Our team will ensure that everything is done according to the plan. Once the installation and acceptance of works are complete, you will be able to enjoy playing on your brand new court, which will serve you for many years to come. Installation is the culmination of the process <strong>building a residential volleyball court<\/strong>. The moment you can start using the court is just as satisfying for us as it is for you!<\/p>\n<p><\/p>\n<h2 class=\"wp-block-heading\">The entire purchase process from A to Z<\/h2>\n<p><\/p>\n<p>The entire process <strong>building a residential volleyball court<\/strong>from the moment the contract is signed to the acceptance of the finished sports court, takes from a few to oven a dozen weeks. Based on our experience and individual involvement in each project, we ensure that every stage <strong>of the process of building a sports court<\/strong> runs smoothly and on time. Our team of specialists ensures that all aspects of the project <strong>of sports court construction<\/strong> are optimally coordinated, minimizing chances of delays and ensuring efficiency at every step. Once the court is ready, we provide post-project support to ensure that everything is working just as it should.<\/p>\n<p><div class=\"wp-block-image is-style-rounded\"><\/p>\n<figure class=\"aligncenter size-full is-resized\"><img decoding=\"async\" width=\"750\" height=\"498\" class=\"wp-image-576 lazyload\" style=\"--smush-placeholder-width: 750px; --smush-placeholder-aspect-ratio: 750\/498;width: 750px;\" data-src=\"https:\/\/flexicourt.pl\/wp-content\/uploads\/2024\/04\/boisko-ogrodowe-wielofunkcyjne.webp\" alt=\"boisko ogrodowe wielofunkcyjne\" data-srcset=\"https:\/\/flexicourt.pl\/wp-content\/uploads\/2024\/04\/boisko-ogrodowe-wielofunkcyjne.webp 1024w, https:\/\/flexicourt.pl\/wp-content\/uploads\/2024\/04\/boisko-ogrodowe-wielofunkcyjne-300x199.webp 300w, https:\/\/flexicourt.pl\/wp-content\/uploads\/2024\/04\/boisko-ogrodowe-wielofunkcyjne-768x510.webp 768w\" data-sizes=\"(max-width: 750px) 100vw, 750px\" src=\"data:image\/svg+xml;base64,PHN2ZyB3aWR0aD0iMSIgaGVpZ2h0PSIxIiB4bWxucz0iaHR0cDovL3d3dy53My5vcmcvMjAwMC9zdmciPjwvc3ZnPg==\" \/><\/figure>\n<p><\/div><\/p>\t\t\t\t\t\t\t\t<\/div>\n\t\t\t\t<\/div>\n\t\t\t\t\t<\/div>\n\t\t\t\t<\/div>\n\t\t\t\t<\/div>","protected":false},"excerpt":{"rendered":"<p>Poznajemy Twoje potrzeby Na pocz\u0105tku procesu budowy boiska nasz zesp\u00f3\u0142 skupia si\u0119 na dok\u0142adnym poznaniu Twoich oczekiwa\u0144 i potrzeb. Ten pierwszy krok jest kluczowy w budowie boiska do ogrodu, poniewa\u017c dzi\u0119ki temu mo\u017cemy zaproponowa\u0107 Ci optymalne rozwi\u0105zania, kt\u00f3re idealnie wpasuj\u0105 si\u0119 w charakterystyk\u0119 Twojego terenu, preferencje odno\u015bnie dyscyplin sportowych. Niezale\u017cnie od tego, czy jest to&hellip;&nbsp;<a href=\"https:\/\/flexicourt.pl\/en\/proces-wspolpracy-przy-budowie-boisk-przydomowych\/\" class=\"\" rel=\"bookmark\">Read More &raquo;<span class=\"screen-reader-text\">Proces wsp\u00f3\u0142pracy przy budowie boiska przydomowego<\/span><\/a><\/p>","protected":false},"author":2,"featured_media":0,"parent":0,"menu_order":0,"comment_status":"closed","ping_status":"closed","template":"","meta":{"om_disable_all_campaigns":false,"_monsterinsights_skip_tracking":false,"_monsterinsights_sitenote_active":false,"_monsterinsights_sitenote_note":"","_monsterinsights_sitenote_category":0,"neve_meta_sidebar":"","neve_meta_container":"","neve_meta_enable_content_width":"","neve_meta_content_width":0,"neve_meta_title_alignment":"","neve_meta_author_avatar":"","neve_post_elements_order":"","neve_meta_disable_header":"","neve_meta_disable_footer":"","neve_meta_disable_title":"on","footnotes":""},"class_list":["post-551","page","type-page","status-publish","hentry"],"aioseo_notices":[],"yoast_head":"<!-- This site is optimized with the Yoast SEO plugin v27.5 - https:\/\/yoast.com\/product\/yoast-seo-wordpress\/ -->\n<title>Budowa boiska - profesjonalne rozwi\u0105zania dla ka\u017cdego<\/title>\n<meta name=\"description\" content=\"Budowa boiska - zrealizuj swoje marzenia o idealnym boisku. Oferujemy profesjonalne projektowanie i wykonanie z my\u015bl\u0105 o bezpiecze\u0144stwie i funkcjonalno\u015bci.\" \/>\n<meta name=\"robots\" content=\"index, follow, max-snippet:-1, max-image-preview:large, max-video-preview:-1\" \/>\n<link rel=\"canonical\" href=\"https:\/\/flexicourt.pl\/en\/proces-wspolpracy-przy-budowie-boisk-przydomowych\/\" \/>\n<meta property=\"og:locale\" content=\"en_GB\" \/>\n<meta property=\"og:type\" content=\"article\" \/>\n<meta property=\"og:title\" content=\"Budowa boiska - profesjonalne rozwi\u0105zania dla ka\u017cdego\" \/>\n<meta property=\"og:description\" content=\"Budowa boiska - zrealizuj swoje marzenia o idealnym boisku. Oferujemy profesjonalne projektowanie i wykonanie z my\u015bl\u0105 o bezpiecze\u0144stwie i funkcjonalno\u015bci.\" \/>\n<meta property=\"og:url\" content=\"https:\/\/flexicourt.pl\/en\/proces-wspolpracy-przy-budowie-boisk-przydomowych\/\" \/>\n<meta property=\"og:site_name\" content=\"Flexi Court - profesjonalne boisko sportowe w Twoim ogrodzie\" \/>\n<meta property=\"article:publisher\" content=\"https:\/\/www.facebook.com\/FlexiCourt\/\" \/>\n<meta property=\"article:modified_time\" content=\"2024-04-08T06:33:36+00:00\" \/>\n<meta property=\"og:image\" content=\"https:\/\/flexicourt.pl\/wp-content\/uploads\/2024\/04\/boisko-przydomowe-premium.jpg\" \/>\n<meta name=\"twitter:card\" content=\"summary_large_image\" \/>\n<meta name=\"twitter:site\" content=\"@FlexiCourt\" \/>\n<meta name=\"twitter:label1\" content=\"Estimated reading time\" \/>\n\t<meta name=\"twitter:data1\" content=\"5 minutes\" \/>\n<script type=\"application\/ld+json\" class=\"yoast-schema-graph\">{\"@context\":\"https:\\\/\\\/schema.org\",\"@graph\":[{\"@type\":\"WebPage\",\"@id\":\"https:\\\/\\\/flexicourt.pl\\\/proces-wspolpracy-przy-budowie-boisk-przydomowych\\\/\",\"url\":\"https:\\\/\\\/flexicourt.pl\\\/proces-wspolpracy-przy-budowie-boisk-przydomowych\\\/\",\"name\":\"Budowa boiska - profesjonalne rozwi\u0105zania dla ka\u017cdego\",\"isPartOf\":{\"@id\":\"https:\\\/\\\/flexicourt.pl\\\/#website\"},\"primaryImageOfPage\":{\"@id\":\"https:\\\/\\\/flexicourt.pl\\\/proces-wspolpracy-przy-budowie-boisk-przydomowych\\\/#primaryimage\"},\"image\":{\"@id\":\"https:\\\/\\\/flexicourt.pl\\\/proces-wspolpracy-przy-budowie-boisk-przydomowych\\\/#primaryimage\"},\"thumbnailUrl\":\"https:\\\/\\\/flexicourt.pl\\\/wp-content\\\/uploads\\\/2024\\\/04\\\/boisko-przydomowe-premium.jpg\",\"datePublished\":\"2024-03-28T10:37:22+00:00\",\"dateModified\":\"2024-04-08T06:33:36+00:00\",\"description\":\"Budowa boiska - zrealizuj swoje marzenia o idealnym boisku. Oferujemy profesjonalne projektowanie i wykonanie z my\u015bl\u0105 o bezpiecze\u0144stwie i funkcjonalno\u015bci.\",\"breadcrumb\":{\"@id\":\"https:\\\/\\\/flexicourt.pl\\\/proces-wspolpracy-przy-budowie-boisk-przydomowych\\\/#breadcrumb\"},\"inLanguage\":\"en-GB\",\"potentialAction\":[{\"@type\":\"ReadAction\",\"target\":[\"https:\\\/\\\/flexicourt.pl\\\/proces-wspolpracy-przy-budowie-boisk-przydomowych\\\/\"]}]},{\"@type\":\"ImageObject\",\"inLanguage\":\"en-GB\",\"@id\":\"https:\\\/\\\/flexicourt.pl\\\/proces-wspolpracy-przy-budowie-boisk-przydomowych\\\/#primaryimage\",\"url\":\"https:\\\/\\\/flexicourt.pl\\\/wp-content\\\/uploads\\\/2024\\\/04\\\/boisko-przydomowe-premium.jpg\",\"contentUrl\":\"https:\\\/\\\/flexicourt.pl\\\/wp-content\\\/uploads\\\/2024\\\/04\\\/boisko-przydomowe-premium.jpg\"},{\"@type\":\"BreadcrumbList\",\"@id\":\"https:\\\/\\\/flexicourt.pl\\\/proces-wspolpracy-przy-budowie-boisk-przydomowych\\\/#breadcrumb\",\"itemListElement\":[{\"@type\":\"ListItem\",\"position\":1,\"name\":\"Strona g\u0142\u00f3wna\",\"item\":\"https:\\\/\\\/flexicourt.pl\\\/\"},{\"@type\":\"ListItem\",\"position\":2,\"name\":\"Proces wsp\u00f3\u0142pracy przy budowie boiska przydomowego\"}]},{\"@type\":\"WebSite\",\"@id\":\"https:\\\/\\\/flexicourt.pl\\\/#website\",\"url\":\"https:\\\/\\\/flexicourt.pl\\\/\",\"name\":\"Flexi Court - profesjonalne boisko sportowe w Twoim ogrodzie\",\"description\":\"Tworzymy rodzinne przestrzenie sportowe\",\"publisher\":{\"@id\":\"https:\\\/\\\/flexicourt.pl\\\/#organization\"},\"potentialAction\":[{\"@type\":\"SearchAction\",\"target\":{\"@type\":\"EntryPoint\",\"urlTemplate\":\"https:\\\/\\\/flexicourt.pl\\\/?s={search_term_string}\"},\"query-input\":{\"@type\":\"PropertyValueSpecification\",\"valueRequired\":true,\"valueName\":\"search_term_string\"}}],\"inLanguage\":\"en-GB\"},{\"@type\":\"Organization\",\"@id\":\"https:\\\/\\\/flexicourt.pl\\\/#organization\",\"name\":\"Flexi Court\",\"url\":\"https:\\\/\\\/flexicourt.pl\\\/\",\"logo\":{\"@type\":\"ImageObject\",\"inLanguage\":\"en-GB\",\"@id\":\"https:\\\/\\\/flexicourt.pl\\\/#\\\/schema\\\/logo\\\/image\\\/\",\"url\":\"https:\\\/\\\/flexicourt.pl\\\/wp-content\\\/uploads\\\/2023\\\/11\\\/cropped-website-logo.png\",\"contentUrl\":\"https:\\\/\\\/flexicourt.pl\\\/wp-content\\\/uploads\\\/2023\\\/11\\\/cropped-website-logo.png\",\"width\":512,\"height\":512,\"caption\":\"Flexi Court\"},\"image\":{\"@id\":\"https:\\\/\\\/flexicourt.pl\\\/#\\\/schema\\\/logo\\\/image\\\/\"},\"sameAs\":[\"https:\\\/\\\/www.facebook.com\\\/FlexiCourt\\\/\",\"https:\\\/\\\/x.com\\\/FlexiCourt\",\"https:\\\/\\\/www.instagram.com\\\/flexi_court\\\/\",\"https:\\\/\\\/www.tiktok.com\\\/@flexicourt\"]}]}<\/script>\n<!-- \/ Yoast SEO plugin. -->","yoast_head_json":{"title":"Budowa boiska - profesjonalne rozwi\u0105zania dla ka\u017cdego","description":"Budowa boiska - zrealizuj swoje marzenia o idealnym boisku. Oferujemy profesjonalne projektowanie i wykonanie z my\u015bl\u0105 o bezpiecze\u0144stwie i funkcjonalno\u015bci.","robots":{"index":"index","follow":"follow","max-snippet":"max-snippet:-1","max-image-preview":"max-image-preview:large","max-video-preview":"max-video-preview:-1"},"canonical":"https:\/\/flexicourt.pl\/en\/proces-wspolpracy-przy-budowie-boisk-przydomowych\/","og_locale":"en_GB","og_type":"article","og_title":"Budowa boiska - profesjonalne rozwi\u0105zania dla ka\u017cdego","og_description":"Budowa boiska - zrealizuj swoje marzenia o idealnym boisku. Oferujemy profesjonalne projektowanie i wykonanie z my\u015bl\u0105 o bezpiecze\u0144stwie i funkcjonalno\u015bci.","og_url":"https:\/\/flexicourt.pl\/en\/proces-wspolpracy-przy-budowie-boisk-przydomowych\/","og_site_name":"Flexi Court - profesjonalne boisko sportowe w Twoim ogrodzie","article_publisher":"https:\/\/www.facebook.com\/FlexiCourt\/","article_modified_time":"2024-04-08T06:33:36+00:00","og_image":[{"url":"https:\/\/flexicourt.pl\/wp-content\/uploads\/2024\/04\/boisko-przydomowe-premium.jpg","type":"","width":"","height":""}],"twitter_card":"summary_large_image","twitter_site":"@FlexiCourt","twitter_misc":{"Estimated reading time":"5 minutes"},"schema":{"@context":"https:\/\/schema.org","@graph":[{"@type":"WebPage","@id":"https:\/\/flexicourt.pl\/proces-wspolpracy-przy-budowie-boisk-przydomowych\/","url":"https:\/\/flexicourt.pl\/proces-wspolpracy-przy-budowie-boisk-przydomowych\/","name":"Budowa boiska - profesjonalne rozwi\u0105zania dla ka\u017cdego","isPartOf":{"@id":"https:\/\/flexicourt.pl\/#website"},"primaryImageOfPage":{"@id":"https:\/\/flexicourt.pl\/proces-wspolpracy-przy-budowie-boisk-przydomowych\/#primaryimage"},"image":{"@id":"https:\/\/flexicourt.pl\/proces-wspolpracy-przy-budowie-boisk-przydomowych\/#primaryimage"},"thumbnailUrl":"https:\/\/flexicourt.pl\/wp-content\/uploads\/2024\/04\/boisko-przydomowe-premium.jpg","datePublished":"2024-03-28T10:37:22+00:00","dateModified":"2024-04-08T06:33:36+00:00","description":"Budowa boiska - zrealizuj swoje marzenia o idealnym boisku. Oferujemy profesjonalne projektowanie i wykonanie z my\u015bl\u0105 o bezpiecze\u0144stwie i funkcjonalno\u015bci.","breadcrumb":{"@id":"https:\/\/flexicourt.pl\/proces-wspolpracy-przy-budowie-boisk-przydomowych\/#breadcrumb"},"inLanguage":"en-GB","potentialAction":[{"@type":"ReadAction","target":["https:\/\/flexicourt.pl\/proces-wspolpracy-przy-budowie-boisk-przydomowych\/"]}]},{"@type":"ImageObject","inLanguage":"en-GB","@id":"https:\/\/flexicourt.pl\/proces-wspolpracy-przy-budowie-boisk-przydomowych\/#primaryimage","url":"https:\/\/flexicourt.pl\/wp-content\/uploads\/2024\/04\/boisko-przydomowe-premium.jpg","contentUrl":"https:\/\/flexicourt.pl\/wp-content\/uploads\/2024\/04\/boisko-przydomowe-premium.jpg"},{"@type":"BreadcrumbList","@id":"https:\/\/flexicourt.pl\/proces-wspolpracy-przy-budowie-boisk-przydomowych\/#breadcrumb","itemListElement":[{"@type":"ListItem","position":1,"name":"Strona g\u0142\u00f3wna","item":"https:\/\/flexicourt.pl\/"},{"@type":"ListItem","position":2,"name":"Proces wsp\u00f3\u0142pracy przy budowie boiska przydomowego"}]},{"@type":"WebSite","@id":"https:\/\/flexicourt.pl\/#website","url":"https:\/\/flexicourt.pl\/","name":"Flexi Court - profesjonalne boisko sportowe w Twoim ogrodzie","description":"Tworzymy rodzinne przestrzenie sportowe","publisher":{"@id":"https:\/\/flexicourt.pl\/#organization"},"potentialAction":[{"@type":"SearchAction","target":{"@type":"EntryPoint","urlTemplate":"https:\/\/flexicourt.pl\/?s={search_term_string}"},"query-input":{"@type":"PropertyValueSpecification","valueRequired":true,"valueName":"search_term_string"}}],"inLanguage":"en-GB"},{"@type":"Organization","@id":"https:\/\/flexicourt.pl\/#organization","name":"Flexi Court","url":"https:\/\/flexicourt.pl\/","logo":{"@type":"ImageObject","inLanguage":"en-GB","@id":"https:\/\/flexicourt.pl\/#\/schema\/logo\/image\/","url":"https:\/\/flexicourt.pl\/wp-content\/uploads\/2023\/11\/cropped-website-logo.png","contentUrl":"https:\/\/flexicourt.pl\/wp-content\/uploads\/2023\/11\/cropped-website-logo.png","width":512,"height":512,"caption":"Flexi Court"},"image":{"@id":"https:\/\/flexicourt.pl\/#\/schema\/logo\/image\/"},"sameAs":["https:\/\/www.facebook.com\/FlexiCourt\/","https:\/\/x.com\/FlexiCourt","https:\/\/www.instagram.com\/flexi_court\/","https:\/\/www.tiktok.com\/@flexicourt"]}]}},"_links":{"self":[{"href":"https:\/\/flexicourt.pl\/en\/wp-json\/wp\/v2\/pages\/551","targetHints":{"allow":["GET"]}}],"collection":[{"href":"https:\/\/flexicourt.pl\/en\/wp-json\/wp\/v2\/pages"}],"about":[{"href":"https:\/\/flexicourt.pl\/en\/wp-json\/wp\/v2\/types\/page"}],"author":[{"embeddable":true,"href":"https:\/\/flexicourt.pl\/en\/wp-json\/wp\/v2\/users\/2"}],"replies":[{"embeddable":true,"href":"https:\/\/flexicourt.pl\/en\/wp-json\/wp\/v2\/comments?post=551"}],"version-history":[{"count":22,"href":"https:\/\/flexicourt.pl\/en\/wp-json\/wp\/v2\/pages\/551\/revisions"}],"predecessor-version":[{"id":634,"href":"https:\/\/flexicourt.pl\/en\/wp-json\/wp\/v2\/pages\/551\/revisions\/634"}],"wp:attachment":[{"href":"https:\/\/flexicourt.pl\/en\/wp-json\/wp\/v2\/media?parent=551"}],"curies":[{"name":"wp","href":"https:\/\/api.w.org\/{rel}","templated":true}]}}